{"id":11,"date":"2013-11-20T16:04:33","date_gmt":"2013-11-20T14:04:33","guid":{"rendered":"http:\/\/www.praxis-frieswil.ch\/?page_id=11"},"modified":"2022-12-11T23:42:37","modified_gmt":"2022-12-11T21:42:37","slug":"angebot","status":"publish","type":"page","link":"https:\/\/www.praxis-frieswil.ch\/?page_id=11","title":{"rendered":"Angebot"},"content":{"rendered":"<ul>\n<li>Haus\u00e4rztliche und internistische Betreuung<\/li>\n<li>Therapie durch Manuelle Medizin<\/li>\n<li>Check-up zur Gesundheitsvorsorge<\/li>\n<li>kleinchirurgische Eingriffe<\/li>\n<li>Reiseberatung<\/li>\n<li>regul\u00e4re Fahreignungspr\u00fcfung f\u00fcr Menschen ab dem 70. Lebensjahr<\/li>\n<li>vertrauens\u00e4rztliche Untersuchungen f\u00fcr das Strassenverkehrsamt<br \/>\n(Lastwagen und Car-Fahrer)<\/li>\n<li>Tauchsportuntersuchungen<\/li>\n<li>Praxislabor<\/li>\n<li>Zusatzuntersuchungen wie EKG und Lungenfunktionsuntersuchung<\/li>\n<li>Medikamentenabgabe aus bestens sortierter Praxis- Apotheke<\/li>\n<li>pr\u00e4operative Abkl\u00e4rungen<\/li>\n<\/ul>\n<p>&nbsp;<\/p>\n","protected":false},"excerpt":{"rendered":"<p>Haus\u00e4rztliche und internistische Betreuung Therapie durch Manuelle Medizin Check-up zur Gesundheitsvorsorge kleinchirurgische Eingriffe Reiseberatung regul\u00e4re Fahreignungspr\u00fcfung f\u00fcr Menschen ab dem 70. Lebensjahr vertrauens\u00e4rztliche Untersuchungen f\u00fcr das Strassenverkehrsamt (Lastwagen und Car-Fahrer) Tauchsportuntersuchungen Praxislabor Zusatzuntersuchungen wie EKG und Lungenfunktionsuntersuchung Medikamentenabgabe aus bestens sortierter Praxis- Apotheke pr\u00e4operative Abkl\u00e4rungen &nbsp;<\/p>\n","protected":false},"author":1,"featured_media":0,"parent":0,"menu_order":0,"comment_status":"closed","ping_status":"closed","template":"","meta":{"footnotes":""},"class_list":["post-11","page","type-page","status-publish","hentry"],"_links":{"self":[{"href":"https:\/\/www.praxis-frieswil.ch\/index.php?rest_route=\/wp\/v2\/pages\/11","targetHints":{"allow":["GET"]}}],"collection":[{"href":"https:\/\/www.praxis-frieswil.ch\/index.php?rest_route=\/wp\/v2\/pages"}],"about":[{"href":"https:\/\/www.praxis-frieswil.ch\/index.php?rest_route=\/wp\/v2\/types\/page"}],"author":[{"embeddable":true,"href":"https:\/\/www.praxis-frieswil.ch\/index.php?rest_route=\/wp\/v2\/users\/1"}],"replies":[{"embeddable":true,"href":"https:\/\/www.praxis-frieswil.ch\/index.php?rest_route=%2Fwp%2Fv2%2Fcomments&post=11"}],"version-history":[{"count":9,"href":"https:\/\/www.praxis-frieswil.ch\/index.php?rest_route=\/wp\/v2\/pages\/11\/revisions"}],"predecessor-version":[{"id":415,"href":"https:\/\/www.praxis-frieswil.ch\/index.php?rest_route=\/wp\/v2\/pages\/11\/revisions\/415"}],"wp:attachment":[{"href":"https:\/\/www.praxis-frieswil.ch\/index.php?rest_route=%2Fwp%2Fv2%2Fmedia&parent=11"}],"curies":[{"name":"wp","href":"https:\/\/api.w.org\/{rel}","templated":true}]}}