{"id":2,"date":"2013-11-19T12:47:00","date_gmt":"2013-11-19T10:47:00","guid":{"rendered":"http:\/\/www.praxis-frieswil.ch\/?page_id=2"},"modified":"2025-02-09T13:35:21","modified_gmt":"2025-02-09T11:35:21","slug":"beispiel-seite","status":"publish","type":"page","link":"https:\/\/www.praxis-frieswil.ch\/?page_id=2","title":{"rendered":"\u00dcber uns&#8230;"},"content":{"rendered":"<p>Wir sind eine Hausarzt-Gemeinschaftspraxis mit 2 \u00c4rzten und 3 Medizinischen Praxisassistentinnen.<\/p>\n<p><strong>Unser Ziel ist es, in unserem Einzugsgebiet eine sorgf\u00e4ltige und nachhaltige haus\u00e4rztliche Grundversorgung anzubieten<\/strong>.<\/p>\n<p>Wir behandeln Patienten und Patientinnen in jedem Alter, verweisen aber f\u00fcr Babys und Kleinkinder gerne auf die Kinder\u00e4rzte.<\/p>\n<p>Unser Spezialgebiet ist die <strong>Manuelle Medizin<\/strong>. Bei dieser Therapieform werden Beschwerden und Schmerzen an der Wirbels\u00e4ule, Muskeln und Gelenken mit gezielten Untersuchungen analysiert, und mit wirksamen Handgriffen und Techniken behandelt und gelindert. Die Manuelle Medizin kann als \u00dcberbegriff f\u00fcr manuelle Behandlungstechniken verstanden werden, die in vergleichbarer Art auch in der Chiropraktik, Osteopathie und Physiotherapie Anwendung findet.<\/p>\n<p>Unsere <strong>Praxis unterliegt einer st\u00e4ndigen, ausgereiften Qualit\u00e4tskontrolle<\/strong>, und ist hierf\u00fcr mit mit mehreren &#8222;EQUAM&#8220;- Zertifikaten ausgestattet.<\/p>\n<p>Wir sind einem <strong>\u00c4rztenetzwerk namens &#8222;<a href=\"http:\/\/www.medix.ch\" target=\"_blank\" rel=\"noopener noreferrer\">MEDIX<\/a>&#8222;<\/strong> angeschlossen. Dies erm\u00f6glicht Ihnen, bei den meisten Krankenkassen eine <strong>besonders<\/strong> <strong>Pr\u00e4mien- g\u00fcnstige Version des Hausarztmodells<\/strong>,\u00a0 n\u00e4mlich &#8222;managed care \/ HMO&#8220;, zu w\u00e4hlen. Bei diesem Hausarztmodell ist das Ziel, dass Ihr Hausarzt die Zuweisungen zu Spezialisten und Spit\u00e4lern und die dortigen Behandlungen organisiert, begleitet und \u00fcberwacht. Dies verbessert die Qualit\u00e4t und Sicherheit der Behandlung sowie den Informationsfluss, und vermeidet Doppelspurigkeiten und nicht angezeigte Behandlungen.<\/p>\n<p><strong>Aufnahme neuer PatientInnen<\/strong>: Wegen fehlender freier Kapazit\u00e4t k\u00f6nnen wir aktuell keine neuen Patienten aufnehmen<\/p>\n","protected":false},"excerpt":{"rendered":"<p>Wir sind eine Hausarzt-Gemeinschaftspraxis mit 2 \u00c4rzten und 3 Medizinischen Praxisassistentinnen. Unser Ziel ist es, in unserem Einzugsgebiet eine sorgf\u00e4ltige und nachhaltige haus\u00e4rztliche Grundversorgung anzubieten. Wir behandeln Patienten und Patientinnen in jedem Alter, verweisen aber f\u00fcr Babys und Kleinkinder gerne auf die Kinder\u00e4rzte. Unser Spezialgebiet ist die Manuelle Medizin. Bei dieser Therapieform werden Beschwerden und &hellip; <a href=\"https:\/\/www.praxis-frieswil.ch\/?page_id=2\" class=\"more-link\"><span class=\"screen-reader-text\">\u00dcber uns&#8230;<\/span> weiterlesen <span class=\"meta-nav\">&rarr;<\/span><\/a><\/p>\n","protected":false},"author":1,"featured_media":0,"parent":0,"menu_order":0,"comment_status":"closed","ping_status":"closed","template":"","meta":{"footnotes":""},"class_list":["post-2","page","type-page","status-publish","hentry"],"_links":{"self":[{"href":"https:\/\/www.praxis-frieswil.ch\/index.php?rest_route=\/wp\/v2\/pages\/2","targetHints":{"allow":["GET"]}}],"collection":[{"href":"https:\/\/www.praxis-frieswil.ch\/index.php?rest_route=\/wp\/v2\/pages"}],"about":[{"href":"https:\/\/www.praxis-frieswil.ch\/index.php?rest_route=\/wp\/v2\/types\/page"}],"author":[{"embeddable":true,"href":"https:\/\/www.praxis-frieswil.ch\/index.php?rest_route=\/wp\/v2\/users\/1"}],"replies":[{"embeddable":true,"href":"https:\/\/www.praxis-frieswil.ch\/index.php?rest_route=%2Fwp%2Fv2%2Fcomments&post=2"}],"version-history":[{"count":16,"href":"https:\/\/www.praxis-frieswil.ch\/index.php?rest_route=\/wp\/v2\/pages\/2\/revisions"}],"predecessor-version":[{"id":465,"href":"https:\/\/www.praxis-frieswil.ch\/index.php?rest_route=\/wp\/v2\/pages\/2\/revisions\/465"}],"wp:attachment":[{"href":"https:\/\/www.praxis-frieswil.ch\/index.php?rest_route=%2Fwp%2Fv2%2Fmedia&parent=2"}],"curies":[{"name":"wp","href":"https:\/\/api.w.org\/{rel}","templated":true}]}}