{"id":431,"date":"2023-09-19T22:24:28","date_gmt":"2023-09-19T20:24:28","guid":{"rendered":"https:\/\/www.praxis-frieswil.ch\/?page_id=431"},"modified":"2023-09-19T22:28:34","modified_gmt":"2023-09-19T20:28:34","slug":"datenschutz-und-impressum","status":"publish","type":"page","link":"https:\/\/www.praxis-frieswil.ch\/?page_id=431","title":{"rendered":"Datenschutz und Impressum"},"content":{"rendered":"<h2>Impressum<\/h2>\n<p>Dr. med. Adrian B\u00fcchler<br \/>\nPraxis Frieswil<br \/>\nBr\u00fcgi 12<br \/>\n3035 Frieswil<br \/>\nTel. 031 825 60 30<br \/>\npraxis.frieswil &lt;\u00e4t&gt; hin.ch<\/p>\n<h2>Datenschutzerkl\u00e4rung<\/h2>\n<h3>1. Einleitung und Grundlagen<\/h3>\n<p>Adrian B\u00fcchler ist Betreiber der Website praxis-frieswil.ch. Wir legen grossen Wert auf die Achtung Ihrer Privatsph\u00e4re und den Schutz Ihrer Personendaten.<\/p>\n<p>Bei Ihrem Besuch auf unserer Website, bei Ihrem Kontakt mit uns und im Rahmen unserer T\u00e4tigkeiten bearbeiten wir Personendaten. Dabei halten wir uns an die rechtlichen Vorgaben, die auf diese Datenbearbeitung anwendbar sind, und treffen angemessene und geeignete organisatorische und technische Massnahmen, um den Datenschutz und die Datensicherheit zu gew\u00e4hrleisten.<\/p>\n<p>Mit dieser Datenschutzerkl\u00e4rung informieren wir Sie \u00fcber die Art, den Umfang und den Zweck der Datenbearbeitung sowie \u00fcber Ihre Rechte als betroffene Person. Bei Fragen oder Unklarheiten stehen wir Ihnen gerne zur Verf\u00fcgung.<\/p>\n<p>Unser Angebot und diese Website richten sich an Personen in der Schweiz.<\/p>\n<p>Falls wir Daten aktiv mit Partnerunternehmen teilen, ist dies jeweils separat aufgef\u00fchrt und erfolgt nur mit Ihrer Einwilligung. Beim Besuch unserer Auftritte in den sozialen Medien gelten zudem die Bestimmungen des jeweiligen Betreibers.<\/p>\n<h4>1.1. Kontaktpersonen<\/h4>\n<p>Die Verantwortung f\u00fcr die Bearbeitung von Personendaten obliegt dem\/der Betreiber\/Betreiberin dieser Website:<\/p>\n<p>Dr. med. Adrian B\u00fcchler<br \/>\nPraxis Frieswil<br \/>\nBr\u00fcgi 12<br \/>\n3035 Frieswil<br \/>\nTel. 031 825 60 30<\/p>\n<p>Unsere Ansprechperson f\u00fcr Ihre Fragen und Anliegen zum Datenschutz als betroffene Person oder Beh\u00f6rde ist:<\/p>\n<p>Dr. med. Adrian B\u00fcchler<br \/>\nPraxis Frieswil<br \/>\nBr\u00fcgi 12<br \/>\n3035 Frieswil<br \/>\nTel. 031 825 60 30<\/p>\n<h4>1.2. Rechtliche Grundlagen<\/h4>\n<p>Unsere Bearbeitung von Personendaten richtet sich nach den Vorschriften des schweizerischen Datenschutzrechts. Dazu geh\u00f6ren insbesondere:<\/p>\n<ul>\n<li>Bundesgesetz \u00fcber den Datenschutz vom 25. September 2020 (Datenschutzgesetz, DSG; SR 235.1)<\/li>\n<li>Verordnung \u00fcber den Datenschutz vom 31. August 2022 (Datenschutzverordnung, DSV; SR 235.11)<\/li>\n<\/ul>\n<h4>1.3. Begriffe<\/h4>\n<p>Die in dieser Datenschutzerkl\u00e4rung verwendeten Begriffe richten sich nach der Definition in Artikel\u00a05 Datenschutzgesetz:<\/p>\n<ul>\n<li>Personendaten: alle Angaben, die sich auf eine bestimmte oder bestimmbare nat\u00fcrliche Person beziehen.<\/li>\n<li>Betroffene Person: nat\u00fcrliche Person, \u00fcber die Personendaten bearbeitet werden.<\/li>\n<li>Besonders sch\u00fctzenswerte Personendaten: Daten \u00fcber religi\u00f6se, weltanschauliche, politische oder gewerkschaftliche Ansichten oder T\u00e4tigkeiten, Daten \u00fcber die Gesundheit, die Intimsph\u00e4re oder die Zugeh\u00f6rigkeit zu einer Rasse oder Ethnie, genetische Daten, biometrische Daten, die eine nat\u00fcrliche Person eindeutig identifizieren, Daten \u00fcber verwaltungs- und strafrechtliche Verfolgungen oder Sank\u00adtionen sowie Daten \u00fcber Massnahmen der sozialen Hilfe.<\/li>\n<li>Bearbeiten: jeder Umgang mit Personendaten, unabh\u00e4ngig von den angewandten Mitteln und Verfahren, insbesondere das Beschaffen, Speichern, Aufbewahren, Verwenden, Ver\u00e4ndern, Bekanntgeben, Archivieren, L\u00f6schen oder Vernichten von Daten.<\/li>\n<li>Bekanntgeben: das \u00dcbermitteln oder Zug\u00e4nglichmachen von Personendaten.<\/li>\n<li>Auftragsbearbeiter: private Person oder Bundesorgan, die oder das im Auftrag des Verantwortlichen Personendaten bearbeitet..<\/li>\n<\/ul>\n<h4>1.4. Auftragsdatenbearbeitung durch Dritte<\/h4>\n<p>Bei der Bearbeitung von Personendaten verwenden wir teilweise Dienste und Werkzeuge von spezialisierten externen Anbietern.<\/p>\n<p>Obwohl wir die Personendaten nicht aktiv mit ihnen teilen, k\u00f6nnen diese Anbieter als sogenannte Auftragsbearbeiter die Daten einsehen.<\/p>\n<p>Wir haben die Auftragsbearbeiter sorgf\u00e4ltig ausgew\u00e4hlt und mit ihnen Auftragsdatenbearbeitungsvertr\u00e4ge abgeschlossen, sofern sie sich nicht bereits anderweitig zum Schutz der eingesehenen Personendaten verpflichten. Damit sch\u00fctzen wir die bearbeiteten Personendaten bestm\u00f6glich.<\/p>\n<h4>1.5. Datenbekanntgabe ins Ausland<\/h4>\n<p>Wir bearbeiten Personendaten in der Schweiz und k\u00f6nnen diese im Rahmen der Auftragsdatenbearbeitung auch ausserhalb der Schweiz bearbeiten.<\/p>\n<p>Die Datenbekanntgabe ins Ausland erfolgt entweder in Staaten, Gebiete, spezifische Sektoren in einem Staat und internationale Organe mit einem angemessenen Datenschutz, die in Anhang\u00a01 zur Datenschutzverordnung aufgef\u00fchrt sind, oder in denen auf andere Weise ein angemessenes Datenschutzniveau gew\u00e4hrleistet ist, beispielsweise durch Verwendung von Standarddatenschutzklauseln oder der von der Europ\u00e4ischen Kommission anerkannten Standardvertragsklauseln, konkrete vertragliche Vereinbarungen oder anderweitige Garantien.<\/p>\n<p>Sollte ausnahmsweise eine Bekanntgabe von Personendaten in Staaten ohne angemessenes oder geeignetes Datenschutzniveau erfolgen, erfolgt dies nur mit ausdr\u00fccklicher Einwilligung der betroffenen Personen oder f\u00fcr den Abschluss oder die Erf\u00fcllung eines Vertrags mit einem Vertragspartner in diesem Land.<\/p>\n<h4>1.6. Datensicherheit<\/h4>\n<p>Wir treffen die geeigneten technischen und organisatorischen Massnahmen, um die Vertraulichkeit Ihrer Personendaten zu gew\u00e4hrleisten. Im Sinne einer Zugriffskontrolle haben nur berechtigte Personen Zugriff nur auf diejenigen Personendaten, die sie zur Erf\u00fcllung ihrer Aufgaben ben\u00f6tigen. Ebenfalls haben nur berechtigte Personen Zugang zu den R\u00e4umlichkeiten und Anlagen, in denen Personendaten bearbeitet werden. Ferner ist der Zugang zu elektronisch bearbeiteten Daten kennwortgesch\u00fctzt.<\/p>\n<p>Alle Daten, die \u00fcber unsere Website \u00fcbermittelt werden, werden mittels SSL\/TLS bzw. HTTPS verschl\u00fcsselt. Sie erkennen die Transportverschl\u00fcsselung anhand des Vorh\u00e4ngeschloss-Symbols in der Adressleiste der meisten Browser. Wir weisen jedoch darauf hin, dass die Daten\u00fcbertragung im Internet (z.B. bei der Kommunikation per E-Mail) Sicherheitsl\u00fccken aufweisen kann. Ein l\u00fcckenloser Schutz Ihrer Daten vor dem Zugriff durch Dritte und Sicherheitsbeh\u00f6rden aus dem In- und Ausland ist nicht m\u00f6glich.<\/p>\n<h3>2. Art, Umfang und Zweck der Datenbearbeitung<\/h3>\n<p>Im Rahmen unserer T\u00e4tigkeit bearbeiten wir Personendaten mit dem Zweck, unsere Angebote und Dienstleistungen bestm\u00f6glich aus\u00fcben zu k\u00f6nnen. Unsere Datenbearbeitung erfolgt rechtm\u00e4ssig sowie nach Treu und Glauben und ist verh\u00e4ltnism\u00e4ssig.<\/p>\n<p>Wir bearbeiten Personendaten nur nach Ihrer Einwilligung oder wenn die Bearbeitung aus anderen rechtlichen Gr\u00fcnden gerechtfertigt oder notwendig ist. Zus\u00e4tzlich k\u00f6nnen wir Personendaten bearbeiten, die wir aus \u00f6ffentlich zug\u00e4nglichen Quellen (z.B. Registern) beschaffen, von Dritten erhalten oder bei der Aus\u00fcbung unserer T\u00e4tigkeit erheben, sofern die rechtlichen Vorgaben ihre Bearbeitung erlaubt oder vorsieht.<\/p>\n<p>Unsere Bearbeitung beschr\u00e4nkt sich auf die erforderlichen Daten und erfolgt w\u00e4hrend der n\u00f6tigen Dauer. Nicht mehr erforderliche Personendaten werden anonymisiert oder gel\u00f6scht.<\/p>\n<p>Um unsere Internet-Pr\u00e4senz und unsere T\u00e4tigkeiten bereitstellen zu k\u00f6nnen, verwenden wir auch Dienste von spezialisierten Dritten. Diese Dienste sind in unsere Website eingebunden und eingebettet, wobei es technisch notwendig ist, dass gewisse Daten \u2013 in der Regel aggregiert, anonymisiert oder pseudonymisiert \u2013 an den jeweiligen Anbieter \u00fcbertragen werden oder von diesem eingesehen werden k\u00f6nnen. Die genutzten Dienste sind in dieser Datenschutzerkl\u00e4rung einzeln aufgef\u00fchrt.<\/p>\n<h4>2.1. Bei der Nutzung unserer Website<\/h4>\n<p>Beim Besuch unserer Website werden Personendaten erfasst, welche neben Kontakt- und Inhaltsdaten auch Ihre Browser- und Ger\u00e4tedaten, Metadaten, Nutzungsdaten, Randdaten und Standortangaben enthalten k\u00f6nnen. Diese Daten lassen keine direkten R\u00fcckschl\u00fcsse auf Sie zu.<\/p>\n<p>Die beim Ausf\u00fcllen und \u00dcbermitteln von Bestellformularen erhaltenen Daten unterstehen einer gesetzlichen Aufbewahrungsfrist. Falls \u00fcber einen externen Zahlungsanbieter auch Zahlungsdaten erfasst werden, haben wir nur einen beschr\u00e4nkten Einblick in diese Daten.<\/p>\n<h5>Cookies<\/h5>\n<p>Unsere Website verwendet Cookies, sowohl eigene Cookies (First party cookies) als auch solche von Drittanbietern (Third Party Cookies). Cookies sind kleine Dateien in Text- oder anderer Form, die von Ihrem Browser anlegt werden und Daten im Browser speichern. Sie werden entweder beim Schliessen des Browsers automatisch gel\u00f6scht (\u00abSession Cookies\u00bb) oder bleiben w\u00e4hrend einer bestimmten Dauer, maximal aber ein Jahr lang gespeichert (\u00abPermanent Cookies\u00bb). Dank permanenten Cookies k\u00f6nnen wir Ihren wiederholten Besuch auf unserer Website messen.<\/p>\n<p>Es gibt mehrere Arten von Cookies, die auf unserer Website vorkommen k\u00f6nnen:<\/p>\n<ul>\n<li>Notwendige Cookies: Sie sind f\u00fcr das Funktionieren unserer Website notwendig.<\/li>\n<li>Funktionale und leistungsbezogene Cookies: Sie speichern Ihre Einstellungen f\u00fcr das Bildschirm-Layout und die Sprache f\u00fcr ein bestm\u00f6gliches Besuchserlebnis. Dabei werden auch Informationen \u00fcber die Nutzung unserer Website gesammelt mit dem Zweck, Attraktivit\u00e4t, Inhalt und Funktionalit\u00e4t unserer Website zu verbessern.<\/li>\n<li>Cookies zur Messung der Besucherzahlen: Sie dienen dazu, Statistiken zu erstellen, um die Leistung unserer Website zu optimieren.<\/li>\n<li>Werbe-Cookies von Drittanbietern: Sie k\u00f6nnen f\u00fcr das Online-Marketing verwendet werden.<\/li>\n<\/ul>\n<p>Sie k\u00f6nnen in Ihren Browser-Einstellungen jederzeit festlegen, ob Cookies zugelassen, teilweise oder ganz deaktiviert und wann sie gel\u00f6scht werden sollen. Bitte beachten Sie, dass unsere Website bei der vollst\u00e4ndigen Deaktivierung von Cookies m\u00f6glicherweise nicht mehr oder nur noch eingeschr\u00e4nkt genutzt werden kann.<\/p>\n<h5>Messung der Besucherzahlen<\/h5>\n<p>Wir erfassen die Besuche auf unserer Website, um zu ermitteln, wie unser Internetangebot genutzt wird, und um mit diesen Erkenntnissen das Benutzererlebnis zu verbessern. Dabei k\u00f6nnen die Internet-Protocol-Adressen (IP-Adressen) gespeichert werden, wobei die IP-Adressen grunds\u00e4tzlich gek\u00fcrzt sind und damit keine direkten R\u00fcckschl\u00fcsse auf einzelne Personen erlauben.<\/p>\n<p>F\u00fcr die optimale Messung der Besucherzahlen bzw. die Erfolgs- und Reichweitenmessung nutzen wir Dienste von Dritten, konkret von AwStats. Die Nutzung erfolgt gem\u00e4ss den Datenschutzbestimmungen des Anbieters.<\/p>\n<p><a href=\"http:\/\/www.awstats.org\" target=\"_blank\" rel=\"noopener\">AwStats<\/a> ist ein Open-Source-Analysetool, das Besucherzugriffe auf dem Webserver statistisch auswertet und Bestandteil der Hostingsoftware ist. Der Zugriff auf diese Daten erfolgt passwortgesch\u00fctzt und ist ausschliesslich autorisierten Nutzern, d.h. den Inhaberinnen und Inhabern des Hostings sowie \u2013 auf ausdr\u00fccklichen Wunsch der Inhaberinnen und Inhaber \u2013, dem Serveradministrator, m\u00f6glich.<\/p>\n<p>Erhebung, Verarbeitung und Nutzung dieser Daten erfolgen nur zu statistischen Zwecken und zur Optimierung unserer Inhalte.<\/p>\n<h5>Server-Log-Dateien<\/h5>\n<p>Unser Server kann Ihren Besuch auf unserer Website erfassen und h\u00e4lt dabei die folgenden Daten fest, die von Ihrem Browser \u00fcbermittelt werden:<\/p>\n<ul>\n<li>Datum und Uhrzeit sowie die Zeitzone<\/li>\n<li>Internet-Protocol-Adresse (IP-Adresse)<\/li>\n<li>Betriebssystem inklusive Angaben zur Benutzeroberfl\u00e4che und Version<\/li>\n<li>Browser inklusive Sprache und Version<\/li>\n<li>Die bei Ihrem Besuch aufgerufenen einzelnen Seiten unserer Website inklusive der \u00fcbertragenen Datenmenge und die Verweildauer<\/li>\n<li>Die Herkunft Ihres Besuchs, z.B. ob Sie unsere Website \u00fcber einen Link auf einer anderen Website oder einem Social-Media-Beitrag aufgerufen haben.<\/li>\n<\/ul>\n<p>Diese Angaben werden in Server-Log-Dateien gespeichert und sind erforderlich, um unsere Website nutzerfreundlich und auf Dauer bereitzustellen.<\/p>\n<h5>Schriftarten<\/h5>\n<p>F\u00fcr die optimale Darstellung von textlichen Inhalten und Symbole in unserer Website mittels Internet-Schriftarten nutzen wir Dienste von Dritten, konkret von <a href=\"https:\/\/fonts.google.com\/\" target=\"_blank\" rel=\"noopener\">Google Fonts<\/a>. Dabei werden Schriftarten von Google auf unserer Website eingebettet.<\/p>\n<p><a href=\"https:\/\/fonts.googleblog.com\/2022\/11\/your-privacy-and-google-fonts.html\" target=\"_blank\" rel=\"noopener\">Allgemeine Angaben zu Google Fonts<\/a><br \/>\n<a href=\"https:\/\/developers.google.com\/fonts\/faq\/privacy?hl=de\" target=\"_blank\" rel=\"noopener\">Datenschutz-Angaben von Google Fonts<\/a><\/p>\n<h5>Plugins, Extensions, Erweiterungen etc.<\/h5>\n<p>Zus\u00e4tzlich zur Basis-Installation unserer Content Management Systems (CMS), welches uns die einfache Verwaltung der Inhalte unserer Website erm\u00f6glicht, verwenden wir Erweiterungen, sogenannte Plugins\/Extensions, die von Dritten bereitgestellt werden, um ein optimales Nutzererlebnis zu bieten und unser Onlineangebot zu sch\u00fctzen. Dieser Schutz ist nur mittels Pr\u00fcfung von IP-Adressen m\u00f6glich. Die Nutzung erfolgt gem\u00e4ss den Datenschutzbestimmungen der Anbieter. Die IP-Adressen im Log werden nicht ausgewertet und nach 30 Tagen gel\u00f6scht.<\/p>\n<p><a href=\"https:\/\/pluginkollektiv.org\/de\/datenschutzerklarung\/\" target=\"_blank\" rel=\"noopener\">Datenschutz-Angaben von Antispam Bee (Pluginkollektiv)<\/a><br \/>\n<a href=\"https:\/\/www.limitloginattempts.com\/privacy-policy\/\" target=\"_blank\" rel=\"noopener\">Datenschutz-Angaben von Limit Login Attempts Reloaded<\/a><br \/>\n<a href=\"https:\/\/blog.nintechnet.com\/ninjafirewall-general-data-protection-regulation-compliance\/\" target=\"_blank\" rel=\"noopener\">Datenschutz-Angaben von Ninja Firewall<\/a><\/p>\n<h4>2.2. Bei Kontaktaufnahmen<\/h4>\n<p>Bei Ihrer Kontaktaufnahme per Briefpost, E-Mail, Kontaktformular, Telefon, SMS, Whatsapp, in den sozialen Medien oder auf eine andere Art bearbeiten wir die von Ihnen \u00fcbermittelten Daten sowie damit zusammenh\u00e4ngende Randdaten (z.B. Eingangszeitpunkt, Telefonnummer), um Ihrem Anliegen entsprechend auf Ihre Kontaktaufnahme zu reagieren.<\/p>\n<h5>Kontaktformular<\/h5>\n<p>F\u00fcr die optimale Bereitstellung von Kontaktformularen und die \u00dcbermittlung der darin eingef\u00fcllten Inhalte nutzen wir Dienste von Dritten, konkret das Plugin von <a href=\"https:\/\/contactform7.com\/\" target=\"_blank\" rel=\"noopener\">Contact Form 7<\/a>. Die \u00dcbermittlung der Inhalte des ausgef\u00fcllten Formulars erfolgt per E-Mail und somit \u00fcber das Internet \u2013 ein offenes, jedermann zug\u00e4ngliches Netz. Die \u00dcbermittlung dieser Daten ist folglich grunds\u00e4tzlich als unsicher zu betrachten. Diese Nachricht ist zudem unverschl\u00fcsselt und es entzieht sich unserem Einfluss, welche Anbieter bei der \u00dcbermittlung und Zustellung der Nachricht in Erscheinung treten. F\u00fcr eine vertrauliche \u00dcbermittlung von Anliegen empfehlen wir somit die Briefpost. Sofern eine Speicherung der Formularinhalte erfolgt, geschieht dies ausschliesslich auf unserem Webserver.<\/p>\n<h5>Adressverwaltung<\/h5>\n<p>Wir k\u00f6nnen Ihre Kontaktangaben in einem Adressverwaltungs- bzw. CRM-System speichern. Wir bewahren Ihre Kontaktaufnahme auf, falls sie die Voraussetzungen der gesetzlichen Aufbewahrungspflicht erf\u00fcllt.<\/p>\n<h5>Gesch\u00fctzte Mails<\/h5>\n<p>Der gesamte Mailverkehr, der die Praxis betrifft, l\u00e4uft \u00fcber HIN und ist entsprechend verschl\u00fcsselt und gesch\u00fctzt.<\/p>\n<p><a href=\"https:\/\/www.hin.ch\/datenschutzerklaerung\/\" target=\"_blank\" rel=\"noopener\">Datenschutzerkl\u00e4rung von HIN<\/a><\/p>\n<h4>2.3. Im Rahmen von Kommunikationsmassnahmen<\/h4>\n<p>Wir k\u00f6nnen Benachrichtigungen per E-Mail, Newsletter, Direktnachricht, SMS oder Whatsapp verschicken. Sie erhalten diese grunds\u00e4tzlich nur nach Ihrer ausdr\u00fccklichen Einwilligung per Double Opt-in, indem Sie einen Best\u00e4tigungslink erhalten und anklicken oder Ihr Einverst\u00e4ndnis auf eine vergleichbare Weise best\u00e4tigen und gleichzeitig Ihre E-Mail-Adresse oder Mobiltelefonnummer verifizieren. Diese Best\u00e4tigung kann durch uns protokolliert werden, wobei aus Beweisgr\u00fcnden auch die Internet-Protocol-Adresse (IP-Adresse) sowie das Datum und die Uhrzeit erfasst werden.<\/p>\n<p>Sie k\u00f6nnen unsere automatisierten Kommunikationsmassnahmen jederzeit abbestellen, entweder \u00fcber einen darin enthaltenen Link, \u00fcber Ihr allf\u00e4lliges Benutzerprofil oder indem Sie uns mit diesem Anliegen kontaktieren. Trotz dem Abbestellen schicken wir Ihnen weiterhin erforderliche Mitteilungen zu, zum Beispiel im Rahmen eines allf\u00e4lligen Vertragsverh\u00e4ltnisses.<\/p>\n<p>Unsere Kommunikationsmassnahmen k\u00f6nnen mittels der darin enthaltenen Links, Z\u00e4hlpixeln oder auf \u00e4hnliche Weise erfassen, ob die einzelne Mitteilung zugestellt, ge\u00f6ffnet und angeklickt wird. Dieser Status wird personenbezogen festgehalten. Wir ben\u00f6tigen diese Personendaten zu statistischen Zwecken bzw. f\u00fcr die Erfolgs- und Reichweitenmessung unserer Kommunikationsmassnahmen sowie f\u00fcr die Optimierung dieser Massnahmen basierend auf den Bed\u00fcrfnissen und Vorlieben der Empf\u00e4ngerinnen und Empf\u00e4nger.<\/p>\n<h3>3. Ihre Rechte als betroffene Person<\/h3>\n<p>Wir gew\u00e4hren Ihnen gerne die nachfolgenden Rechte, die gesetzlich vorgesehen sind.<\/p>\n<ul>\n<li>Recht auf Auskunft, ob wir Personendaten \u00fcber Sie bearbeiten und falls ja, um welche es sich dabei handelt. Sie erhalten diejenigen Informationen, die erforderlich sind, damit Sie Ihre Rechte nach dem Datenschutzgesetz geltend machen k\u00f6nnen und eine transparente Datenbearbeitung gew\u00e4hrleistet ist. Dazu geh\u00f6ren unter anderem der Bearbeitungszweck, die Aufbewahrungsdauer, die Bekanntgabe ins Ausland sowie die Herkunft, soweit die Daten nicht direkt bei Ihnen beschafft wurden. Diese Auskunft erteilen wir in der Regel innerhalb von 30 Tagen. Wir k\u00f6nnen die Auskunft verweigern, wenn dies durch ein Gesetz im formellen Sinn vorgesehen ist, namentlich um ein Berufsgeheimnis zu sch\u00fctzen, dies aufgrund \u00fcberwiegender Interessen Dritter erforderlich ist oder das Auskunftsgesuch offensichtlich unbegr\u00fcndet ist, namentlich wenn es einen datenschutzwidrigen Zweck verfolgt oder offensichtlich querulatorisch ist.<\/li>\n<li>Recht auf Datenherausgabe und -\u00fcbertragung Ihrer Personendaten in einem g\u00e4ngigen elektronischen Format. Dazu geh\u00f6ren Daten, die Sie uns wissentlich und willentlich zur Verf\u00fcgung gestellt haben, sowie Daten, die wir im Rahmen Ihrer Nutzung eines Diensts oder Ger\u00e4ts erhoben haben.<\/li>\n<li>Recht auf Widerspruch, einerseits gegen die Datenbekanntgabe an Dritte und ins Ausland. Das Datenschutzgesetz sieht Ausnahmen vor, in denen eine Bekanntgabe trotzdem notwendig ist. Andererseits k\u00f6nnen Sie Widerspruch gegen die Bearbeitung Ihrer Personendaten zum Zweck der Direktwerbung oder des Profilings im Zusammenhang mit Direktwerbung oder generell gegen eine Bearbeitung Ihrer Personendaten einlegen. Zudem k\u00f6nnen Sie die fr\u00fcher erteilte datenschutzrechtliche Einwilligung in die Bearbeitung Ihrer Personendaten jederzeit widerrufen.<\/li>\n<li>Recht auf Berichtigung unrichtiger Daten, sofern keine gesetzliche Vorschrift die \u00c4nderung verbietet. Zur Berichtigung geh\u00f6ren auch die Vervollst\u00e4ndigung oder Einschr\u00e4nkung der Bearbeitung Ihrer Personendaten.<\/li>\n<li>Recht auf L\u00f6schung und Vernichtung von Daten sowie Widerspruch gegen eine zuk\u00fcnftige Bearbeitung neuer Personendaten \u00fcber Sie. Unterstehen Ihre Daten einer gesetzlichen Aufbewahrungspflicht, erfolgt die L\u00f6schung bzw. Vernichtung nach deren Ablauf.<\/li>\n<li>Recht auf Beschwerde bei einer zust\u00e4ndigen Datenschutz-Aufsichtsbeh\u00f6rde (in der Schweiz ist dies der <a href=\"https:\/\/www.edoeb.admin.ch\/\" target=\"_blank\" rel=\"noopener\">Eidgen\u00f6ssische Datenschutz- und \u00d6ffentlichkeitsbeauftragte ED\u00d6B)<\/a>, falls wir unseren datenschutzrechtlichen Pflichten nicht nachkommen.<\/li>\n<\/ul>\n<p>Bitte nehmen Sie zur Kenntnis, dass wir zum Schutz Ihrer Personendaten in allen genannten F\u00e4llen gesetzlich verpflichtet sind, Ihre Identit\u00e4t im Voraus zu verifizieren, um eine Verwechslung oder falsche Datenbekanntgabe auszuschliessen. Ihnen obliegt dabei eine Mitwirkungspflicht.<\/p>\n<p>Die Gew\u00e4hrung dieser Rechte erfolgt in der Regel kostenlos. Sollten ausnahmsweise trotzdem Kosten in der H\u00f6he von maximal 300 Franken auferlegt werden, namentlich wenn der Aufwand unverh\u00e4ltnism\u00e4ssig ist, nehmen wir vorg\u00e4ngig mit Ihnen R\u00fccksprache. Sofern Sie in diesem Fall Ihr Gesuch nicht innerhalb von zehn Tagen best\u00e4tigen, so gilt es als ohne Kostenfolge zur\u00fcckgezogen.<\/p>\n<h3>4. Schlussbestimmungen<\/h3>\n<p>Wir behalten uns vor, den Inhalt unserer Website und dieser Datenschutzerkl\u00e4rung jederzeit zu \u00e4ndern. Auf unserer Website ist die jeweils g\u00fcltige Version aufgeschaltet. Es obliegt den Besucherinnen und Besuchern, die Bestimmungen beim erneuten Besuch auf Aktualisierungen zu pr\u00fcfen.<\/p>\n<p>Diese Datenschutzerkl\u00e4rung wurde zuletzt am 29. August 2023 aktualisiert.<\/p>\n<p>Diese Datenschutzerkl\u00e4rung ist urheberrechtlich gesch\u00fctzt; sie darf ohne R\u00fccksprache mit uns nicht auf anderen Websites verwendet werden.<\/p>\n<p>&nbsp;<\/p>\n","protected":false},"excerpt":{"rendered":"<p>Impressum Dr. med. Adrian B\u00fcchler Praxis Frieswil Br\u00fcgi 12 3035 Frieswil Tel. 031 825 60 30 praxis.frieswil &lt;\u00e4t&gt; hin.ch Datenschutzerkl\u00e4rung 1. Einleitung und Grundlagen Adrian B\u00fcchler ist Betreiber der Website praxis-frieswil.ch. Wir legen grossen Wert auf die Achtung Ihrer Privatsph\u00e4re und den Schutz Ihrer Personendaten. Bei Ihrem Besuch auf unserer Website, bei Ihrem Kontakt mit &hellip; <a href=\"https:\/\/www.praxis-frieswil.ch\/?page_id=431\" class=\"more-link\"><span class=\"screen-reader-text\">Datenschutz und Impressum<\/span> weiterlesen <span class=\"meta-nav\">&rarr;<\/span><\/a><\/p>\n","protected":false},"author":2,"featured_media":0,"parent":0,"menu_order":0,"comment_status":"closed","ping_status":"closed","template":"","meta":{"footnotes":""},"class_list":["post-431","page","type-page","status-publish","hentry"],"_links":{"self":[{"href":"https:\/\/www.praxis-frieswil.ch\/index.php?rest_route=\/wp\/v2\/pages\/431","targetHints":{"allow":["GET"]}}],"collection":[{"href":"https:\/\/www.praxis-frieswil.ch\/index.php?rest_route=\/wp\/v2\/pages"}],"about":[{"href":"https:\/\/www.praxis-frieswil.ch\/index.php?rest_route=\/wp\/v2\/types\/page"}],"author":[{"embeddable":true,"href":"https:\/\/www.praxis-frieswil.ch\/index.php?rest_route=\/wp\/v2\/users\/2"}],"replies":[{"embeddable":true,"href":"https:\/\/www.praxis-frieswil.ch\/index.php?rest_route=%2Fwp%2Fv2%2Fcomments&post=431"}],"version-history":[{"count":4,"href":"https:\/\/www.praxis-frieswil.ch\/index.php?rest_route=\/wp\/v2\/pages\/431\/revisions"}],"predecessor-version":[{"id":435,"href":"https:\/\/www.praxis-frieswil.ch\/index.php?rest_route=\/wp\/v2\/pages\/431\/revisions\/435"}],"wp:attachment":[{"href":"https:\/\/www.praxis-frieswil.ch\/index.php?rest_route=%2Fwp%2Fv2%2Fmedia&parent=431"}],"curies":[{"name":"wp","href":"https:\/\/api.w.org\/{rel}","templated":true}]}}