{"id":46,"date":"2013-11-21T11:17:14","date_gmt":"2013-11-21T09:17:14","guid":{"rendered":"http:\/\/www.praxis-frieswil.ch\/?page_id=46"},"modified":"2026-02-26T15:33:57","modified_gmt":"2026-02-26T13:33:57","slug":"willkommen","status":"publish","type":"page","link":"https:\/\/www.praxis-frieswil.ch\/","title":{"rendered":"Willkommen"},"content":{"rendered":"<p>Wir sind eine Hausarzt Gemeinschaftspraxis mit zwei \u00c4rzten:<\/p>\n<p><strong>Dr. med. Adrian B\u00fcchler<\/strong> ist Facharzt f\u00fcr Allgemeine Innere Medizin, und bietet neben haus\u00e4rztlicher Sprechstunde auch <a title=\"Manuelle Therapie\" href=\"http:\/\/www.samm.ch\/pub\/de\/4D5F040A03747E710708790709050903090579077F720F08048\" target=\"_blank\" rel=\"noopener\">Manuelle Therapie<\/a> an. Als Dozent der schweizerischen \u00c4rztegesellschaft f\u00fcr Manuelle Medizin SAMM ist er in der Weiterbildung f\u00fcr \u00c4rzte und Physiotherapeuten t\u00e4tig. Die Sprechstundentage von Dr. B\u00fcchler sind t\u00e4glich Montag bis Freitag.<\/p>\n<p><strong>Frau Dr. med. Ursina Z\u00fcrcher-D\u00f6nz <\/strong>steht Ihnen als erfahrene Internistin f\u00fcr s\u00e4mtliche Belange der haus\u00e4rztlichen Versorgung und Inneren Medizin zur Verf\u00fcgung, und bietet ebenfalls Manualmedizinische Behandlungen an. Ihre Sprechstundentage sind Dienstag, Donnerstag und Freitag.<\/p>\n<p><a href=\"https:\/\/www.medix-bern.ch\" target=\"_blank\" rel=\"noopener\"><img loading=\"lazy\" decoding=\"async\" class=\"alignnone wp-image-444\" src=\"https:\/\/www.praxis-frieswil.ch\/wp-content\/uploads\/2024\/03\/medix-bern_rgb-transp-1-300x119.gif\" alt=\"\" width=\"204\" height=\"81\" srcset=\"https:\/\/www.praxis-frieswil.ch\/wp-content\/uploads\/2024\/03\/medix-bern_rgb-transp-1-300x119.gif 300w, https:\/\/www.praxis-frieswil.ch\/wp-content\/uploads\/2024\/03\/medix-bern_rgb-transp-1-1024x406.gif 1024w, https:\/\/www.praxis-frieswil.ch\/wp-content\/uploads\/2024\/03\/medix-bern_rgb-transp-1-768x304.gif 768w\" sizes=\"auto, (max-width: 204px) 100vw, 204px\" \/><\/a><\/p>\n","protected":false},"excerpt":{"rendered":"<p>Wir sind eine Hausarzt Gemeinschaftspraxis mit zwei \u00c4rzten: Dr. med. Adrian B\u00fcchler ist Facharzt f\u00fcr Allgemeine Innere Medizin, und bietet neben haus\u00e4rztlicher Sprechstunde auch Manuelle Therapie an. Als Dozent der schweizerischen \u00c4rztegesellschaft f\u00fcr Manuelle Medizin SAMM ist er in der Weiterbildung f\u00fcr \u00c4rzte und Physiotherapeuten t\u00e4tig. Die Sprechstundentage von Dr. B\u00fcchler sind t\u00e4glich Montag bis &hellip; <a href=\"https:\/\/www.praxis-frieswil.ch\/\" class=\"more-link\"><span class=\"screen-reader-text\">Willkommen<\/span> weiterlesen <span class=\"meta-nav\">&rarr;<\/span><\/a><\/p>\n","protected":false},"author":1,"featured_media":0,"parent":0,"menu_order":0,"comment_status":"closed","ping_status":"closed","template":"","meta":{"footnotes":""},"class_list":["post-46","page","type-page","status-publish","hentry"],"_links":{"self":[{"href":"https:\/\/www.praxis-frieswil.ch\/index.php?rest_route=\/wp\/v2\/pages\/46","targetHints":{"allow":["GET"]}}],"collection":[{"href":"https:\/\/www.praxis-frieswil.ch\/index.php?rest_route=\/wp\/v2\/pages"}],"about":[{"href":"https:\/\/www.praxis-frieswil.ch\/index.php?rest_route=\/wp\/v2\/types\/page"}],"author":[{"embeddable":true,"href":"https:\/\/www.praxis-frieswil.ch\/index.php?rest_route=\/wp\/v2\/users\/1"}],"replies":[{"embeddable":true,"href":"https:\/\/www.praxis-frieswil.ch\/index.php?rest_route=%2Fwp%2Fv2%2Fcomments&post=46"}],"version-history":[{"count":35,"href":"https:\/\/www.praxis-frieswil.ch\/index.php?rest_route=\/wp\/v2\/pages\/46\/revisions"}],"predecessor-version":[{"id":482,"href":"https:\/\/www.praxis-frieswil.ch\/index.php?rest_route=\/wp\/v2\/pages\/46\/revisions\/482"}],"wp:attachment":[{"href":"https:\/\/www.praxis-frieswil.ch\/index.php?rest_route=%2Fwp%2Fv2%2Fmedia&parent=46"}],"curies":[{"name":"wp","href":"https:\/\/api.w.org\/{rel}","templated":true}]}}